{"id":1201,"date":"2018-08-20T15:03:37","date_gmt":"2018-08-20T13:03:37","guid":{"rendered":"http:\/\/lasik-germany-dev.flow4.one\/impressum\/"},"modified":"2025-09-26T10:39:05","modified_gmt":"2025-09-26T08:39:05","slug":"disclaimer_liability","status":"publish","type":"page","link":"https:\/\/lasik-germany.de\/en\/disclaimer_liability\/","title":{"rendered":"Disclaimer liability"},"content":{"rendered":"<p>Anbieter der Internetpr\u00e4senz www.lasik-germany.de<\/p>\n<h2>Angaben gem\u00e4\u00df \u00a7 5 TMG:<\/h2>\n<p>Lasik Germany GmbH<br \/>\nHohe Bleichen 10<br \/>\n20354 Hamburg<\/p>\n<h2>Vertreten durch:<\/h2>\n<p>Gesch\u00e4ftsf\u00fchrer: Dr. med. J\u00f6rg Fischer<\/p>\n<h2>Kontakt:<\/h2>\n<p>Telefon: 0800 \/ 599 599 9<br \/>\nE-Mail: service@lasik-germany.de<\/p>\n<h2>Umsatzsteuer:<\/h2>\n<p>Umsatzsteuer-Identifikationsnummer gem\u00e4\u00df \u00a727 a Umsatzsteuergesetz:<br \/>\nDE 264345938<\/p>\n<h2>Registereintrag:<\/h2>\n<p>Eintragung im Handelsregister.<br \/>\nRegistergericht:Amtsgericht Hamburg<br \/>\nRegisternummer: HRB 109117<\/p>\n<h2>Zust\u00e4ndige Landes\u00e4rztekammern f\u00fcr Lasik Germany<\/h2>\n<p><strong>Lasik Germany Hamburg<br \/>\n<\/strong>\u00c4rztekammer Hamburg<br \/>\nWeidestr. 122 b<br \/>\n22083 Hamburg<\/p>\n<p>Telefon: 040\/202299-0<br \/>\nFax: 040\/202299-400<\/p>\n<p><strong>Lasik Germany Berlin<br \/>\n<\/strong>\u00c4rztekammer Berlin<br \/>\nFriedrichstr. 16<br \/>\n10969 Berlin<\/p>\n<p>Telefon: 030\/40806-0<br \/>\nFax: 030\/40806-3499<\/p>\n<p><strong>Lasik Germany Hannover<br \/>\n<\/strong>\u00c4rztekammer Niedersachsen<br \/>\nBerliner Allee 20<br \/>\n30175 Hannover<\/p>\n<p>Telefon: 0511\/38002<br \/>\nFax: 0511\/3802240<\/p>\n<p><strong>Lasik Germany Oberhausen<br \/>\n<\/strong>\u00c4rztekammer Nordrhein<br \/>\nTersteegenstr. 9<br \/>\n40474 D\u00fcsseldorf<\/p>\n<p>Telefon: 0211\/4 30 20<br \/>\nFax: 0211\/4302 2009<\/p>\n<p><strong>Lasik Germany Frankfurt<br \/>\n<\/strong>Landes\u00e4rztekammer Hessen<br \/>\nIm Vogelsgesang 3<br \/>\n60488 Frankfurt<\/p>\n<p>Telefon: 069\/97672-0<br \/>\nFax: 069\/97672-128<\/p>\n<p><strong>Lasik Germany Stuttgart<br \/>\n<\/strong>Landes\u00e4rztekammer Baden-W\u00fcrttemberg<br \/>\nJahnstr. 40<br \/>\n70597 Stuttgart<\/p>\n<p>Telefon: 0711\/769890<br \/>\nFax: 0711\/7698950<\/p>\n<p><strong>Lasik Germany M\u00fcnchen<br \/>\n<\/strong>Bayerische Landes\u00e4rztekammer<br \/>\nM\u00fchlbaurstr. 16<br \/>\n81677 M\u00fcnchen<\/p>\n<p>Telefon: 089\/4147-0<br \/>\nFax: 089\/4147-280<\/p>\n<p>[nbsp]<\/p>\n<h2>Streitschlichtung<\/h2>\n<p>Wir sind nicht bereit oder verpflichtet, an Streitbeilegungsverfahren vor einer Verbraucherschlichtungsstelle teilzunehmen.<\/p>\n<h3>Haftung f\u00fcr Inhalte<\/h3>\n<p>Als Diensteanbieter sind wir gem\u00e4\u00df \u00a7 7 Abs.1 TMG f\u00fcr eigene Inhalte auf diesen Seiten nach den allgemeinen Gesetzen verantwortlich. Nach \u00a7\u00a7 8 bis 10 TMG sind wir als Diensteanbieter jedoch nicht verpflichtet, \u00fcbermittelte oder gespeicherte fremde Informationen zu \u00fcberwachen oder nach Umst\u00e4nden zu forschen, die auf eine rechtswidrige T\u00e4tigkeit hinweisen.<\/p>\n<p>Verpflichtungen zur Entfernung oder Sperrung der Nutzung von Informationen nach den allgemeinen Gesetzen bleiben hiervon unber\u00fchrt. Eine diesbez\u00fcgliche Haftung ist jedoch erst ab dem Zeitpunkt der Kenntnis einer konkreten Rechtsverletzung m\u00f6glich. Bei Bekanntwerden von entsprechenden Rechtsverletzungen werden wir diese Inhalte umgehend entfernen.<\/p>\n<h3>Haftung f\u00fcr Links<\/h3>\n<p>Unser Angebot enth\u00e4lt Links zu externen Websites Dritter, auf deren Inhalte wir keinen Einfluss haben. Deshalb k\u00f6nnen wir f\u00fcr diese fremden Inhalte auch keine Gew\u00e4hr \u00fcbernehmen. F\u00fcr die Inhalte der verlinkten Seiten ist stets der jeweilige Anbieter oder Betreiber der Seiten verantwortlich. Die verlinkten Seiten wurden zum Zeitpunkt der Verlinkung auf m\u00f6gliche Rechtsverst\u00f6\u00dfe \u00fcberpr\u00fcft. Rechtswidrige Inhalte waren zum Zeitpunkt der Verlinkung nicht erkennbar.<\/p>\n<p>Eine permanente inhaltliche Kontrolle der verlinkten Seiten ist jedoch ohne konkrete Anhaltspunkte einer Rechtsverletzung nicht zumutbar. Bei Bekanntwerden von Rechtsverletzungen werden wir derartige Links umgehend entfernen.<\/p>\n<h3>Urheberrecht<\/h3>\n<p>Die durch die Seitenbetreiber erstellten Inhalte und Werke auf diesen Seiten unterliegen dem deutschen Urheberrecht. Die Vervielf\u00e4ltigung, Bearbeitung, Verbreitung und jede Art der Verwertung au\u00dferhalb der Grenzen des Urheberrechtes bed\u00fcrfen der schriftlichen Zustimmung des jeweiligen Autors bzw. Erstellers. Downloads und Kopien dieser Seite sind nur f\u00fcr den privaten, nicht kommerziellen Gebrauch gestattet.<\/p>\n<p>Soweit die Inhalte auf dieser Seite nicht vom Betreiber erstellt wurden, werden die Urheberrechte Dritter beachtet. Insbesondere werden Inhalte Dritter als solche gekennzeichnet. Sollten Sie trotzdem auf eine Urheberrechtsverletzung aufmerksam werden, bitten wir um einen entsprechenden Hinweis. Bei Bekanntwerden von Rechtsverletzungen werden wir derartige Inhalte umgehend entfernen.<\/p>\n<p>[nbsp]<\/p>\n<p><a href=\"http:\/\/www.rau-kommunikation.de\">Konzeption [&amp;] Realisation: Rau Kommunikation<\/a><\/p>\n<p>Bildnachweis:[nbsp]Bausch [&amp;] Lomb, iStockphoto, Rau Kommunikation, NASA&#8217;s Earth Observatory\/NOAA\/DOD<\/p>\n<p>[nbsp]<\/p>\n","protected":false},"excerpt":{"rendered":"<p>Anbieter der Internetpr\u00e4senz www.lasik-germany.de Angaben gem\u00e4\u00df \u00a7 5 TMG: Lasik Germany GmbH Hohe Bleichen 10 20354 Hamburg Vertreten durch: Gesch\u00e4ftsf\u00fchrer: Dr. med. J\u00f6rg Fischer Kontakt: Telefon: 0800 \/ 599 599 9 E-Mail: service@lasik-germany.de Umsatzsteuer: Umsatzsteuer-Identifikationsnummer gem\u00e4\u00df \u00a727 a Umsatzsteuergesetz: DE 264345938 Registereintrag: Eintragung im Handelsregister. Registergericht:Amtsgericht Hamburg Registernummer: HRB 109117 Zust\u00e4ndige Landes\u00e4rztekammern f\u00fcr Lasik Germany [&hellip;]<\/p>\n","protected":false},"author":6,"featured_media":0,"parent":0,"menu_order":0,"comment_status":"closed","ping_status":"closed","template":"f4-page-fullwidth-modules.php","meta":{"footnotes":""},"class_list":["post-1201","page","type-page","status-publish","hentry"],"yoast_head":"<!-- This site is optimized with the Yoast SEO plugin v26.8 - https:\/\/yoast.com\/product\/yoast-seo-wordpress\/ -->\n<title>Disclaimer liability | Lasik Germany<\/title>\n<meta name=\"robots\" content=\"noindex, nofollow\" \/>\n<meta property=\"og:locale\" content=\"en_US\" \/>\n<meta property=\"og:type\" content=\"article\" \/>\n<meta property=\"og:title\" content=\"Disclaimer liability | Lasik Germany\" \/>\n<meta property=\"og:description\" content=\"Anbieter der Internetpr\u00e4senz www.lasik-germany.de Angaben gem\u00e4\u00df \u00a7 5 TMG: Lasik Germany GmbH Hohe Bleichen 10 20354 Hamburg Vertreten durch: Gesch\u00e4ftsf\u00fchrer: Dr. med. J\u00f6rg Fischer Kontakt: Telefon: 0800 \/ 599 599 9 E-Mail: service@lasik-germany.de Umsatzsteuer: Umsatzsteuer-Identifikationsnummer gem\u00e4\u00df \u00a727 a Umsatzsteuergesetz: DE 264345938 Registereintrag: Eintragung im Handelsregister. Registergericht:Amtsgericht Hamburg Registernummer: HRB 109117 Zust\u00e4ndige Landes\u00e4rztekammern f\u00fcr Lasik Germany [&hellip;]\" \/>\n<meta property=\"og:url\" content=\"https:\/\/lasik-germany.de\/en\/disclaimer_liability\/\" \/>\n<meta property=\"og:site_name\" content=\"Lasik Germany\" \/>\n<meta property=\"article:publisher\" content=\"https:\/\/www.facebook.com\/LasikGermany\/\" \/>\n<meta property=\"article:modified_time\" content=\"2025-09-26T08:39:05+00:00\" \/>\n<meta name=\"twitter:card\" content=\"summary_large_image\" \/>\n<meta name=\"twitter:site\" content=\"@lasikgermany\" \/>\n<script type=\"application\/ld+json\" class=\"yoast-schema-graph\">{\"@context\":\"https:\/\/schema.org\",\"@graph\":[{\"@type\":\"WebPage\",\"@id\":\"https:\/\/lasik-germany.de\/en\/disclaimer_liability\/\",\"url\":\"https:\/\/lasik-germany.de\/en\/disclaimer_liability\/\",\"name\":\"Disclaimer liability | Lasik Germany\",\"isPartOf\":{\"@id\":\"https:\/\/lasik-germany.de\/en\/#website\"},\"datePublished\":\"2018-08-20T13:03:37+00:00\",\"dateModified\":\"2025-09-26T08:39:05+00:00\",\"breadcrumb\":{\"@id\":\"https:\/\/lasik-germany.de\/en\/disclaimer_liability\/#breadcrumb\"},\"inLanguage\":\"en-US\",\"potentialAction\":[{\"@type\":\"ReadAction\",\"target\":[\"https:\/\/lasik-germany.de\/en\/disclaimer_liability\/\"]}]},{\"@type\":\"BreadcrumbList\",\"@id\":\"https:\/\/lasik-germany.de\/en\/disclaimer_liability\/#breadcrumb\",\"itemListElement\":[{\"@type\":\"ListItem\",\"position\":1,\"name\":\"Startseite\",\"item\":\"https:\/\/lasik-germany.de\/en\/\"},{\"@type\":\"ListItem\",\"position\":2,\"name\":\"Disclaimer liability\"}]},{\"@type\":\"WebSite\",\"@id\":\"https:\/\/lasik-germany.de\/en\/#website\",\"url\":\"https:\/\/lasik-germany.de\/en\/\",\"name\":\"Lasik Germany\",\"description\":\"F\u00fcr ein Leben ohne Sehhilfe\u200e\",\"publisher\":{\"@id\":\"https:\/\/lasik-germany.de\/en\/#organization\"},\"potentialAction\":[{\"@type\":\"SearchAction\",\"target\":{\"@type\":\"EntryPoint\",\"urlTemplate\":\"https:\/\/lasik-germany.de\/en\/?s={search_term_string}\"},\"query-input\":{\"@type\":\"PropertyValueSpecification\",\"valueRequired\":true,\"valueName\":\"search_term_string\"}}],\"inLanguage\":\"en-US\"},{\"@type\":\"Organization\",\"@id\":\"https:\/\/lasik-germany.de\/en\/#organization\",\"name\":\"Lasik-Germany\",\"url\":\"https:\/\/lasik-germany.de\/en\/\",\"logo\":{\"@type\":\"ImageObject\",\"inLanguage\":\"en-US\",\"@id\":\"https:\/\/lasik-germany.de\/en\/#\/schema\/logo\/image\/\",\"url\":\"https:\/\/lasik-germany.de\/wp-content\/uploads\/2018\/08\/lasik-logo-icon.png\",\"contentUrl\":\"https:\/\/lasik-germany.de\/wp-content\/uploads\/2018\/08\/lasik-logo-icon.png\",\"width\":512,\"height\":512,\"caption\":\"Lasik-Germany\"},\"image\":{\"@id\":\"https:\/\/lasik-germany.de\/en\/#\/schema\/logo\/image\/\"},\"sameAs\":[\"https:\/\/www.facebook.com\/LasikGermany\/\",\"https:\/\/x.com\/lasikgermany\",\"https:\/\/www.youtube.com\/user\/LasikGermany\"]}]}<\/script>\n<!-- \/ Yoast SEO plugin. -->","yoast_head_json":{"title":"Disclaimer liability | Lasik Germany","robots":{"index":"noindex","follow":"nofollow"},"og_locale":"en_US","og_type":"article","og_title":"Disclaimer liability | Lasik Germany","og_description":"Anbieter der Internetpr\u00e4senz www.lasik-germany.de Angaben gem\u00e4\u00df \u00a7 5 TMG: Lasik Germany GmbH Hohe Bleichen 10 20354 Hamburg Vertreten durch: Gesch\u00e4ftsf\u00fchrer: Dr. med. J\u00f6rg Fischer Kontakt: Telefon: 0800 \/ 599 599 9 E-Mail: service@lasik-germany.de Umsatzsteuer: Umsatzsteuer-Identifikationsnummer gem\u00e4\u00df \u00a727 a Umsatzsteuergesetz: DE 264345938 Registereintrag: Eintragung im Handelsregister. Registergericht:Amtsgericht Hamburg Registernummer: HRB 109117 Zust\u00e4ndige Landes\u00e4rztekammern f\u00fcr Lasik Germany [&hellip;]","og_url":"https:\/\/lasik-germany.de\/en\/disclaimer_liability\/","og_site_name":"Lasik Germany","article_publisher":"https:\/\/www.facebook.com\/LasikGermany\/","article_modified_time":"2025-09-26T08:39:05+00:00","twitter_card":"summary_large_image","twitter_site":"@lasikgermany","schema":{"@context":"https:\/\/schema.org","@graph":[{"@type":"WebPage","@id":"https:\/\/lasik-germany.de\/en\/disclaimer_liability\/","url":"https:\/\/lasik-germany.de\/en\/disclaimer_liability\/","name":"Disclaimer liability | Lasik Germany","isPartOf":{"@id":"https:\/\/lasik-germany.de\/en\/#website"},"datePublished":"2018-08-20T13:03:37+00:00","dateModified":"2025-09-26T08:39:05+00:00","breadcrumb":{"@id":"https:\/\/lasik-germany.de\/en\/disclaimer_liability\/#breadcrumb"},"inLanguage":"en-US","potentialAction":[{"@type":"ReadAction","target":["https:\/\/lasik-germany.de\/en\/disclaimer_liability\/"]}]},{"@type":"BreadcrumbList","@id":"https:\/\/lasik-germany.de\/en\/disclaimer_liability\/#breadcrumb","itemListElement":[{"@type":"ListItem","position":1,"name":"Startseite","item":"https:\/\/lasik-germany.de\/en\/"},{"@type":"ListItem","position":2,"name":"Disclaimer liability"}]},{"@type":"WebSite","@id":"https:\/\/lasik-germany.de\/en\/#website","url":"https:\/\/lasik-germany.de\/en\/","name":"Lasik Germany","description":"F\u00fcr ein Leben ohne Sehhilfe\u200e","publisher":{"@id":"https:\/\/lasik-germany.de\/en\/#organization"},"potentialAction":[{"@type":"SearchAction","target":{"@type":"EntryPoint","urlTemplate":"https:\/\/lasik-germany.de\/en\/?s={search_term_string}"},"query-input":{"@type":"PropertyValueSpecification","valueRequired":true,"valueName":"search_term_string"}}],"inLanguage":"en-US"},{"@type":"Organization","@id":"https:\/\/lasik-germany.de\/en\/#organization","name":"Lasik-Germany","url":"https:\/\/lasik-germany.de\/en\/","logo":{"@type":"ImageObject","inLanguage":"en-US","@id":"https:\/\/lasik-germany.de\/en\/#\/schema\/logo\/image\/","url":"https:\/\/lasik-germany.de\/wp-content\/uploads\/2018\/08\/lasik-logo-icon.png","contentUrl":"https:\/\/lasik-germany.de\/wp-content\/uploads\/2018\/08\/lasik-logo-icon.png","width":512,"height":512,"caption":"Lasik-Germany"},"image":{"@id":"https:\/\/lasik-germany.de\/en\/#\/schema\/logo\/image\/"},"sameAs":["https:\/\/www.facebook.com\/LasikGermany\/","https:\/\/x.com\/lasikgermany","https:\/\/www.youtube.com\/user\/LasikGermany"]}]}},"_links":{"self":[{"href":"https:\/\/lasik-germany.de\/en\/wp-json\/wp\/v2\/pages\/1201","targetHints":{"allow":["GET"]}}],"collection":[{"href":"https:\/\/lasik-germany.de\/en\/wp-json\/wp\/v2\/pages"}],"about":[{"href":"https:\/\/lasik-germany.de\/en\/wp-json\/wp\/v2\/types\/page"}],"author":[{"embeddable":true,"href":"https:\/\/lasik-germany.de\/en\/wp-json\/wp\/v2\/users\/6"}],"replies":[{"embeddable":true,"href":"https:\/\/lasik-germany.de\/en\/wp-json\/wp\/v2\/comments?post=1201"}],"version-history":[{"count":2,"href":"https:\/\/lasik-germany.de\/en\/wp-json\/wp\/v2\/pages\/1201\/revisions"}],"predecessor-version":[{"id":15073,"href":"https:\/\/lasik-germany.de\/en\/wp-json\/wp\/v2\/pages\/1201\/revisions\/15073"}],"wp:attachment":[{"href":"https:\/\/lasik-germany.de\/en\/wp-json\/wp\/v2\/media?parent=1201"}],"curies":[{"name":"wp","href":"https:\/\/api.w.org\/{rel}","templated":true}]}}