{"id":1203,"date":"2018-08-17T12:37:47","date_gmt":"2018-08-17T10:37:47","guid":{"rendered":"http:\/\/lasik-germany-dev.flow4.one\/die-lasik-op\/"},"modified":"2018-08-24T13:56:40","modified_gmt":"2018-08-24T11:56:40","slug":"surgery","status":"publish","type":"page","link":"https:\/\/lasik-germany.de\/en\/surgery\/","title":{"rendered":"Surgical procedure"},"content":{"rendered":"<p>h1: Fehlsichtigkeit beheben dank LASIK-OP<br \/>\nEin Leben ohne Brille und Kontaktlinsen ist dank einer LASIK-Operation k\u00fcnftig m\u00f6glich. Die LASIK-OP ist ein bew\u00e4hrtes Augenlaser-Verfahren, das in den bundesweiten lasik germany\u00ae Zentren von High-Volume-Operateuren durchgef\u00fchrt wird. Die ausgewiesenen LASIK-Experten f\u00fchren unter der Leitung von Dr. J\u00f6rg Fischer pro Jahr mehr als 1.000 Augenoperationen eigenst\u00e4ndig durch. Neben Erfahrung und Kompetenz zeichnet uns aus, dass wir bei einer LASIK-Operation ausschlie\u00dflich modernste Lasertechnologie einsetzen.<br \/>\nLASIK am Auge wird ambulant durchgef\u00fchrt und dauert nur wenige Minuten. LASIK am Auge ist in der Regel ein komplikationsarmer Eingriff, und Patienten versp\u00fcren meist nur ein leichtes Spannungsgef\u00fchl. W\u00e4hrend der LASIK-OP wird mittels eines Augenlasers die mittlere Hornhautlamelle neu modelliert und dem Patienten damit zu neuer Sehkraft verholfen.<br \/>\nEine LASIK-Operation zur Verbesserung der Sehst\u00e4rke ist die weltweit h\u00e4ufigste Augenoperation und wird in den lasik germany\u00ae Zentren in Hamburg, Berlin, Hannover, M\u00fcnchen, Frankfurt, Stuttgart und Oberhausen seit vielen Jahren mit gro\u00dfem Erfolg angeboten.<br \/>\nM\u00f6chten Sie vorab alle Details zu unserer Laserbehandlung in Erfahrung bringen, empfehlen wir Ihnen, einen Termin f\u00fcr ein pers\u00f6nliches Beratungsgespr\u00e4ch in den lasik germany\u00ae Zentren in Hamburg, Berlin, Hannover, M\u00fcnchen, Oberhausen, Frankfurt und Stuttgart zu vereinbaren. Die aktuellen Termine finden Sie auf unserer Website. Wir erl\u00e4utern Ihnen die Augenlasermethode und pr\u00e4sentieren Ihnen die High-Tech-Ger\u00e4te, die bei der Laserbehandlung zum Einsatz kommen. Vor Ort haben Sie die M\u00f6glichkeit, unsere erfahrenen Augenoperateure kennenzulernen und entsprechende Fragen zu stellen. Uns ist wichtig, dass Sie sich bei uns gut aufgehoben f\u00fchlen und alle Informationen erhalten, die Sie zur LASIK-OP ben\u00f6tigen.<\/p>\n<p>H2: Ablauf und Vorbereitung der LASIK-Operation<br \/>\nWenn Sie sich f\u00fcr eine LASIK-OP entscheiden, werden Sie vorab eingehend untersucht. F\u00fcr die Voruntersuchung bringen Sie bitte eine Stunde Zeit mit, in der Ihre exakte Sehst\u00e4rke, die Pupillengr\u00f6\u00dfe sowie die Hornhautdicke mit modernster Computertechnik ausgemessen werden. Anhand der Ergebnisse legt Ihr Augenchirurg eine individuelle Laserbehandlung sowie ein entsprechendes Laserverfahren fest. Gleichzeitig dienen die registrierten Daten als Basisinformation f\u00fcr den Operateur, der die LASIK-OP an Ihrem Auge durchf\u00fchren wird. Die Augenlaseroperation respektive Laserbehandlung erfolgt ambulant. Es ist v\u00f6llig ausreichend, wenn Sie sich eine Stunde vor Ihrem OP-Termin in Ihrem lasik germany\u00ae Zentrum einfinden. Bei der Laserbehandlung werden ausschlie\u00dflich modernste Ger\u00e4te eingesetzt.<br \/>\nH3: Augenvermessung<br \/>\nJedes Auge ist individuell. Doch durch die pr\u00e4zise computerunterst\u00fctzte Vermessung Ihres Auges vor der LASIK-Operation kann der Arzt sehr genau den Erfolg und die einzelnen Schritte des Eingriffs bestimmen. Bildinformationen von rund 9.000 Messpunkten werden zur Operationsplanung herangezogen und als Behandlungsparameter in den Laser \u00fcbertragen. So kann die Hornhaut vom Hightech-Laser exakt modelliert werden.<\/p>\n<p>Die Augenvermessung vor der LASIK-OP setzt sich aus folgenden Untersuchungsschritten zusammen:<br \/>\nVermessung der Augenoberfl\u00e4che (Topographie)<br \/>\nDie mikrogenaue Vermessung der Hornhaut gibt Aufschluss \u00fcber H\u00f6hen- und Kr\u00fcmmungswerte. Die Hornhauttopographie stellt ebenfalls eventuell vorliegende Hornhaut-Sch\u00e4digungen fest.<\/p>\n<p>Messung des Augeninnendrucks (Tonometrie)<br \/>\nDie Tonometrie dient vor allem der Fr\u00fcherkennung des Glaukoms (Gr\u00fcner Star). Liegt ein erh\u00f6hter Augeninnendruck vor, werden also \u00fcber zehn bis 21 Millimeter auf der Quecksilbers\u00e4ule (mmHg) angezeigt, ist das Auge durch Glaukom gef\u00e4hrdet.<\/p>\n<p>Optische Biometrie<br \/>\nPer Laser wird hier die Achsl\u00e4nge des Augapfels und seiner Teilabschnitte vermessen. Diese Untersuchungsmethode dient der exakten Berechnung der postoperativen Brechkraft des Auges.<\/p>\n<p>Ermittlung der Dioptrienzahl<br \/>\nDie objektive (Visus) und subjektive (Refraktion) Brechkraft Ihrer Augen wird mit modernstem Wellenfront-Aberrometer bestimmt.<\/p>\n<p>Messung der Hornhautdicke (Pachymetrie)<br \/>\nDie Ermittlung der Hornhautdicke Ihres Auges erfolgt per Ultraschalluntersuchung.<\/p>\n<p>Ermittlung des Pupillendurchmessers (Pupillometrie)<br \/>\nUm die Blendeempfindlichkeit Ihrer Augen festzustellen, werden die Pupillenweite und ihre Ver\u00e4nderung unter verschiedenen Lichteinfl\u00fcssen (Tag\/Nacht) mit einem speziellen Messger\u00e4t (Pupillometer) vermessen.<\/p>\n<p>Netzhautdiagnostik (OCT)<br \/>\nDDie Optische Coh\u00e4renz-Tomographie (OCT) ist eines der pr\u00e4zisesten Verfahren, um Degenerationen, Netzhautabl\u00f6sungen und sonstige Besch\u00e4digungen an der Netzhaut festzustellen. Vor der OCT werden die Pupillen des Patienten mittels Augentropfen erweitert.<\/p>\n<p>H3: Fixierung<br \/>\nBei der Laserbehandlung LASIK wird das zu behandelnde Auge durch Tropfen schmerzunempfindlich gemacht. Im Anschluss fixiert der Chirurg das Auge behutsam mit einem kleinen Ring, der sich dazu leicht an den Augapfel ansaugt. Dabei ist ein schwacher Druck am Auge sp\u00fcrbar.<\/p>\n<p>H3: Schnitt<br \/>\nDas Auge ist ruhiggestellt und schmerzfrei. Nun beginnt der n\u00e4chste Schritt innerhalb der Laserbehandlung: die Pr\u00e4paration der Hornhautlamelle. Ob klassische Standard, Femto oder SUPRACOR-LASIK \u2013 je nach gew\u00e4hltem Verfahren werden unterschiedliche Pr\u00e4parationen der Hornhautlamelle vorgenommen. Ansonsten ist der Ablauf der Femto-LASIK mit dem einer klassischen LASIK identisch.<\/p>\n<p>H3: Pr\u00e4paration klassische LASIK mit Mikrokeratom<br \/>\nBei der Standard-LASIK wird die Hornhautlamelle mit einem mechanischem Mikrokeratom geschnitten. Der Mikrokeratom ist ein Mikromesser, das auch als kleiner Schnitthobel bezeichnet wird. Dieser Spezialhobel schneidet nun ein d\u00fcnnes Deckelchen aus der Hornhaut.<\/p>\n<p>H3: Pr\u00e4paration Femto-LASIK mit Laser<br \/>\nBei diesen beiden LASIK-Verfahren wird die Hornhaut mit einem Femtosekunden-Laser geschnitten. Der Speziallaser erm\u00f6glicht es, sehr d\u00fcnne und hochpr\u00e4zise Hornhaut-Flaps zu pr\u00e4parieren. Sie sp\u00fcren ein leichtes Druckgef\u00fchl und das Blickfeld verdunkelt sich f\u00fcr ungef\u00e4hr eine Minute. Das muss Ihnen keine Angst machen, denn die kurzfristige Verdunkelung ist ganz normal.<\/p>\n<p>H3: Die Vorteile des Femtosekunden-Lasersf\u00fcr einen &#8220;klingenfreien Schnitt&#8221;:<br \/>\nGleichm\u00e4\u00dfige, d\u00fcnne, glatte Hornhaut-Flaps<br \/>\nAusschluss unregelm\u00e4\u00dfiger Flaps<br \/>\nmehr Pr\u00e4zision bei der Behandlung.<\/p>\n<p>H3: \u00d6ffnen<br \/>\nDas bei der Pr\u00e4paration der Hornhautlamelle ausgeschnittene Hornhaut-Deckelchen wird nun aufgeklappt. Dazu verwendet der Operateur ein sehr feines Instrument, mit dem die Scheibe angehoben wird. Haben Sie keine Bedenken: Diesen Vorgang sp\u00fcren Sie \u00fcberhaupt nicht. Nachdem nun die Hornhautlamellen freigelegt sind, kann Ihr Augenchirurg die Schichten der inneren Hornhaut mit dem Laserlicht erreichen. Der Operateur verfolgt und steuert alle Schritte der LASIK-OP \u00fcber ein computergesteuertes Operationsmikroskop, dessen Bilder direkt auf einen Monitor \u00fcbertragen werden. So werden alle Behandlungsschritte vom Laserschnitt \u00fcber das Aufklappen der Hornhautlamelle bis zur Modellierung penibel \u00fcberwacht. Nachdem der exakt und schonend pr\u00e4parierte Flap angehoben wurde, ist der Weg frei f\u00fcr die eigentliche LASIK-Operation.  <\/p>\n<p>H3: Der Laser modelliert das Gewebe<br \/>\nGesteuert durch den Computer modelliert das k\u00fchle Laserlicht sanft die Behandlungszone. Ein schmaler, ein bis zwei Millimeter breiter Strahl ber\u00fchrt das Auge mit Lichtgeschwindigkeit so, dass er dem Auge erlaubt, sich zwischen den Impulsen zu erholen. Selbst minimale Bewegungen des Auges werden dabei sofort erkannt und ber\u00fccksichtigt. Es entsteht eine \u00e4u\u00dferst glatte Hornhautoberfl\u00e4che, die pr\u00e4zise nach Ihrem individuellen Ma\u00df Ihre Fehlsichtigkeit aufhebt. Die Laserbehandlung LASIK am Auge dauert wenige Minuten.<\/p>\n<p>H2: Kraft der Selbstheilung<br \/>\nDirekt nach dem Augenlasern wird das Hornhautdeckelchen wieder zur\u00fcckgeklappt. Es schmiegt sich an den Augapfel. Dabei deckt es die behandelte Fl\u00e4che wie ein k\u00f6rpereigenes Pflaster ab. Der Chirurg muss den Schnitt nicht vern\u00e4hen, das Auge heilt beziehungsweise hilft sich selbst. Direkt nach dem Eingriff ist das Bild dieses Auges etwas unscharf und der Patient hat zun\u00e4chst das Gef\u00fchl, einen kleinen Fremdk\u00f6rper im Auge zu haben. Nach rund drei Stunden l\u00e4sst diese Irritation nach. Das Auge f\u00fchlt sich nat\u00fcrlich an.<\/p>\n<p>H2: Direkt nach der LASIK-Operation<br \/>\nDirekt nach der LASIK-Operation kontrollieren wir Ihr Auge nochmals. Danach k\u00f6nnen Sie auch schon ohne st\u00f6renden Verband nach Hause gehen! Am Tag nach der LASIK-OP k\u00f6nnen Sie ohne Brille schon fast wieder normal sehen. In den ersten Wochen kann sich das Sehverm\u00f6gen noch geringf\u00fcgig anpassen, dauerhafte Stabilit\u00e4t wird meistens schon nach vier bis sechs Wochen erreicht.<\/p>\n<p>Im Nachsorgeset, das Sie in der Apotheke erhalten, finden Sie Augentropfen, die Sie bitte w\u00e4hrend der ersten Woche nach der LASIK-Operation regelm\u00e4\u00dfig anwenden, und einen durchsichtigen Verband. Er sch\u00fctzt das mit LASIK behandelte Auge w\u00e4hrend der Nacht, damit Sie es nicht versehentlich reiben. Tags\u00fcber brauchen Sie ihn nicht. Wir bitten Sie darauf zu achten, dass kein Wasser in das operierte Auge ger\u00e4t. Und bitte daran denken: G\u00f6nnen Sie Ihrem Auge eine &#8220;reibungslose&#8221; Phase nach einer LASIK-Operation.<\/p>\n<p>Dank unserer langj\u00e4hrigen Erfahrung in der refraktiven Chirurgie, befinden Sie sich beim Team von Dr. J\u00f6rg Fischer in sicheren H\u00e4nden. M\u00f6chten Sie sich bez\u00fcglich einer Laserbehandlung von qualifizierten Augenoperateuren umfassend beraten lassen, stehen wir Ihnen unter der kostenfreien Telefon-Hotline 0800 \/ 599 599 9 und in der praktischen Online-Video-Sprechstunde zur Verf\u00fcgung. Wollen Sie sich pers\u00f6nlich von ausgewiesenen Experten einen fachlichen Rat einholen, begr\u00fc\u00dfen wir Sie herzlich gern an unseren Standorten in Hamburg, Berlin, Hannover, M\u00fcnchen, Frankfurt, Stuttgart und Oberhausen.<\/p>\n","protected":false},"excerpt":{"rendered":"<p>h1: Fehlsichtigkeit beheben dank LASIK-OP Ein Leben ohne Brille und Kontaktlinsen ist dank einer LASIK-Operation k\u00fcnftig m\u00f6glich. Die LASIK-OP ist ein bew\u00e4hrtes Augenlaser-Verfahren, das in den bundesweiten lasik germany\u00ae Zentren von High-Volume-Operateuren durchgef\u00fchrt wird. Die ausgewiesenen LASIK-Experten f\u00fchren unter der Leitung von Dr. J\u00f6rg Fischer pro Jahr mehr als 1.000 Augenoperationen eigenst\u00e4ndig durch. Neben Erfahrung [&hellip;]<\/p>\n","protected":false},"author":6,"featured_media":0,"parent":0,"menu_order":0,"comment_status":"closed","ping_status":"closed","template":"f4-page-fullwidth-modules.php","meta":{"footnotes":""},"class_list":["post-1203","page","type-page","status-publish","hentry"],"yoast_head":"<!-- This site is optimized with the Yoast SEO plugin v26.8 - https:\/\/yoast.com\/product\/yoast-seo-wordpress\/ -->\n<title>LASIK-Operation im Detail erkl\u00e4rt - lasik germany\u00ae<\/title>\n<meta name=\"description\" content=\"Die LASIK-OP als bew\u00e4hrtes Augenlaser-Verfahren \u2713 Erfahren Sie alle Einzeilheiten zum Ablauf der OP bei lasik germany\u00ae Jetzt informieren.\" \/>\n<meta name=\"robots\" content=\"index, follow, max-snippet:-1, max-image-preview:large, max-video-preview:-1\" \/>\n<link rel=\"canonical\" href=\"https:\/\/lasik-germany.de\/en\/surgery\/\" \/>\n<meta property=\"og:locale\" content=\"en_US\" \/>\n<meta property=\"og:type\" content=\"article\" \/>\n<meta property=\"og:title\" content=\"LASIK-Operation im Detail erkl\u00e4rt - lasik germany\u00ae\" \/>\n<meta property=\"og:description\" content=\"Die LASIK-OP als bew\u00e4hrtes Augenlaser-Verfahren \u2713 Erfahren Sie alle Einzeilheiten zum Ablauf der OP bei lasik germany\u00ae Jetzt informieren.\" \/>\n<meta property=\"og:url\" content=\"https:\/\/lasik-germany.de\/en\/surgery\/\" \/>\n<meta property=\"og:site_name\" content=\"Lasik Germany\" \/>\n<meta property=\"article:publisher\" content=\"https:\/\/www.facebook.com\/LasikGermany\/\" \/>\n<meta property=\"article:modified_time\" content=\"2018-08-24T11:56:40+00:00\" \/>\n<meta name=\"twitter:card\" content=\"summary_large_image\" \/>\n<meta name=\"twitter:site\" content=\"@lasikgermany\" \/>\n<meta name=\"twitter:label1\" content=\"Est. reading time\" \/>\n\t<meta name=\"twitter:data1\" content=\"7 minutes\" \/>\n<script type=\"application\/ld+json\" class=\"yoast-schema-graph\">{\"@context\":\"https:\/\/schema.org\",\"@graph\":[{\"@type\":\"WebPage\",\"@id\":\"https:\/\/lasik-germany.de\/en\/surgery\/\",\"url\":\"https:\/\/lasik-germany.de\/en\/surgery\/\",\"name\":\"LASIK-Operation im Detail erkl\u00e4rt - lasik germany\u00ae\",\"isPartOf\":{\"@id\":\"https:\/\/lasik-germany.de\/en\/#website\"},\"datePublished\":\"2018-08-17T10:37:47+00:00\",\"dateModified\":\"2018-08-24T11:56:40+00:00\",\"description\":\"Die LASIK-OP als bew\u00e4hrtes Augenlaser-Verfahren \u2713 Erfahren Sie alle Einzeilheiten zum Ablauf der OP bei lasik germany\u00ae Jetzt informieren.\",\"breadcrumb\":{\"@id\":\"https:\/\/lasik-germany.de\/en\/surgery\/#breadcrumb\"},\"inLanguage\":\"en-US\",\"potentialAction\":[{\"@type\":\"ReadAction\",\"target\":[\"https:\/\/lasik-germany.de\/en\/surgery\/\"]}]},{\"@type\":\"BreadcrumbList\",\"@id\":\"https:\/\/lasik-germany.de\/en\/surgery\/#breadcrumb\",\"itemListElement\":[{\"@type\":\"ListItem\",\"position\":1,\"name\":\"Startseite\",\"item\":\"https:\/\/lasik-germany.de\/en\/\"},{\"@type\":\"ListItem\",\"position\":2,\"name\":\"Surgical procedure\"}]},{\"@type\":\"WebSite\",\"@id\":\"https:\/\/lasik-germany.de\/en\/#website\",\"url\":\"https:\/\/lasik-germany.de\/en\/\",\"name\":\"Lasik Germany\",\"description\":\"F\u00fcr ein Leben ohne Sehhilfe\u200e\",\"publisher\":{\"@id\":\"https:\/\/lasik-germany.de\/en\/#organization\"},\"potentialAction\":[{\"@type\":\"SearchAction\",\"target\":{\"@type\":\"EntryPoint\",\"urlTemplate\":\"https:\/\/lasik-germany.de\/en\/?s={search_term_string}\"},\"query-input\":{\"@type\":\"PropertyValueSpecification\",\"valueRequired\":true,\"valueName\":\"search_term_string\"}}],\"inLanguage\":\"en-US\"},{\"@type\":\"Organization\",\"@id\":\"https:\/\/lasik-germany.de\/en\/#organization\",\"name\":\"Lasik-Germany\",\"url\":\"https:\/\/lasik-germany.de\/en\/\",\"logo\":{\"@type\":\"ImageObject\",\"inLanguage\":\"en-US\",\"@id\":\"https:\/\/lasik-germany.de\/en\/#\/schema\/logo\/image\/\",\"url\":\"https:\/\/lasik-germany.de\/wp-content\/uploads\/2018\/08\/lasik-logo-icon.png\",\"contentUrl\":\"https:\/\/lasik-germany.de\/wp-content\/uploads\/2018\/08\/lasik-logo-icon.png\",\"width\":512,\"height\":512,\"caption\":\"Lasik-Germany\"},\"image\":{\"@id\":\"https:\/\/lasik-germany.de\/en\/#\/schema\/logo\/image\/\"},\"sameAs\":[\"https:\/\/www.facebook.com\/LasikGermany\/\",\"https:\/\/x.com\/lasikgermany\",\"https:\/\/www.youtube.com\/user\/LasikGermany\"]}]}<\/script>\n<!-- \/ Yoast SEO plugin. -->","yoast_head_json":{"title":"LASIK-Operation im Detail erkl\u00e4rt - lasik germany\u00ae","description":"Die LASIK-OP als bew\u00e4hrtes Augenlaser-Verfahren \u2713 Erfahren Sie alle Einzeilheiten zum Ablauf der OP bei lasik germany\u00ae Jetzt informieren.","robots":{"index":"index","follow":"follow","max-snippet":"max-snippet:-1","max-image-preview":"max-image-preview:large","max-video-preview":"max-video-preview:-1"},"canonical":"https:\/\/lasik-germany.de\/en\/surgery\/","og_locale":"en_US","og_type":"article","og_title":"LASIK-Operation im Detail erkl\u00e4rt - lasik germany\u00ae","og_description":"Die LASIK-OP als bew\u00e4hrtes Augenlaser-Verfahren \u2713 Erfahren Sie alle Einzeilheiten zum Ablauf der OP bei lasik germany\u00ae Jetzt informieren.","og_url":"https:\/\/lasik-germany.de\/en\/surgery\/","og_site_name":"Lasik Germany","article_publisher":"https:\/\/www.facebook.com\/LasikGermany\/","article_modified_time":"2018-08-24T11:56:40+00:00","twitter_card":"summary_large_image","twitter_site":"@lasikgermany","twitter_misc":{"Est. reading time":"7 minutes"},"schema":{"@context":"https:\/\/schema.org","@graph":[{"@type":"WebPage","@id":"https:\/\/lasik-germany.de\/en\/surgery\/","url":"https:\/\/lasik-germany.de\/en\/surgery\/","name":"LASIK-Operation im Detail erkl\u00e4rt - lasik germany\u00ae","isPartOf":{"@id":"https:\/\/lasik-germany.de\/en\/#website"},"datePublished":"2018-08-17T10:37:47+00:00","dateModified":"2018-08-24T11:56:40+00:00","description":"Die LASIK-OP als bew\u00e4hrtes Augenlaser-Verfahren \u2713 Erfahren Sie alle Einzeilheiten zum Ablauf der OP bei lasik germany\u00ae Jetzt informieren.","breadcrumb":{"@id":"https:\/\/lasik-germany.de\/en\/surgery\/#breadcrumb"},"inLanguage":"en-US","potentialAction":[{"@type":"ReadAction","target":["https:\/\/lasik-germany.de\/en\/surgery\/"]}]},{"@type":"BreadcrumbList","@id":"https:\/\/lasik-germany.de\/en\/surgery\/#breadcrumb","itemListElement":[{"@type":"ListItem","position":1,"name":"Startseite","item":"https:\/\/lasik-germany.de\/en\/"},{"@type":"ListItem","position":2,"name":"Surgical procedure"}]},{"@type":"WebSite","@id":"https:\/\/lasik-germany.de\/en\/#website","url":"https:\/\/lasik-germany.de\/en\/","name":"Lasik Germany","description":"F\u00fcr ein Leben ohne Sehhilfe\u200e","publisher":{"@id":"https:\/\/lasik-germany.de\/en\/#organization"},"potentialAction":[{"@type":"SearchAction","target":{"@type":"EntryPoint","urlTemplate":"https:\/\/lasik-germany.de\/en\/?s={search_term_string}"},"query-input":{"@type":"PropertyValueSpecification","valueRequired":true,"valueName":"search_term_string"}}],"inLanguage":"en-US"},{"@type":"Organization","@id":"https:\/\/lasik-germany.de\/en\/#organization","name":"Lasik-Germany","url":"https:\/\/lasik-germany.de\/en\/","logo":{"@type":"ImageObject","inLanguage":"en-US","@id":"https:\/\/lasik-germany.de\/en\/#\/schema\/logo\/image\/","url":"https:\/\/lasik-germany.de\/wp-content\/uploads\/2018\/08\/lasik-logo-icon.png","contentUrl":"https:\/\/lasik-germany.de\/wp-content\/uploads\/2018\/08\/lasik-logo-icon.png","width":512,"height":512,"caption":"Lasik-Germany"},"image":{"@id":"https:\/\/lasik-germany.de\/en\/#\/schema\/logo\/image\/"},"sameAs":["https:\/\/www.facebook.com\/LasikGermany\/","https:\/\/x.com\/lasikgermany","https:\/\/www.youtube.com\/user\/LasikGermany"]}]}},"_links":{"self":[{"href":"https:\/\/lasik-germany.de\/en\/wp-json\/wp\/v2\/pages\/1203","targetHints":{"allow":["GET"]}}],"collection":[{"href":"https:\/\/lasik-germany.de\/en\/wp-json\/wp\/v2\/pages"}],"about":[{"href":"https:\/\/lasik-germany.de\/en\/wp-json\/wp\/v2\/types\/page"}],"author":[{"embeddable":true,"href":"https:\/\/lasik-germany.de\/en\/wp-json\/wp\/v2\/users\/6"}],"replies":[{"embeddable":true,"href":"https:\/\/lasik-germany.de\/en\/wp-json\/wp\/v2\/comments?post=1203"}],"version-history":[{"count":2,"href":"https:\/\/lasik-germany.de\/en\/wp-json\/wp\/v2\/pages\/1203\/revisions"}],"predecessor-version":[{"id":1311,"href":"https:\/\/lasik-germany.de\/en\/wp-json\/wp\/v2\/pages\/1203\/revisions\/1311"}],"wp:attachment":[{"href":"https:\/\/lasik-germany.de\/en\/wp-json\/wp\/v2\/media?parent=1203"}],"curies":[{"name":"wp","href":"https:\/\/api.w.org\/{rel}","templated":true}]}}